{"id":2918,"date":"2021-04-18T23:34:55","date_gmt":"2021-04-18T23:34:55","guid":{"rendered":"https:\/\/kovacevic.cl\/?page_id=2918"},"modified":"2021-07-04T00:51:37","modified_gmt":"2021-07-04T00:51:37","slug":"servicio-multimedia","status":"publish","type":"page","link":"https:\/\/kovacevic.cl\/index.php\/servicio-multimedia\/","title":{"rendered":""},"content":{"rendered":"\n<h1 class=\"has-text-align-center\">Servicio Multimedia<\/h1>\n\n\n\n<hr class=\"wp-block-separator is-style-dots\"\/>\n\n\n\n<p class=\"has-text-align-center\">Contamos con un servicio multimedia para el seguimiento de tu proyecto!<\/p>\n\n\n\n<p class=\"has-text-align-center\">El servicio consta en:<\/p>\n\n\n\n<p> <\/p>\n\n\n\n<p class=\"has-text-align-center\">Fotos y videos del avance de tu proyecto<\/p>\n\n\n\n<p class=\"has-text-align-center\">Fotos a\u00e9reas a trav\u00e9s de un dron<\/p>\n\n\n\n<p class=\"has-text-align-center\">Videos a\u00e9reos a trav\u00e9s de un dron<\/p>\n\n\n\n<p class=\"has-text-align-center\">Env\u00edo de estos archivos multimedia a una carpeta en la nube<\/p>\n\n\n\n<hr class=\"wp-block-separator is-style-dots\"\/>\n\n\n<style type=\"text\/css\">\n#foogallery-gallery-3257 .fg-image { width: 250px; }\n#foogallery-gallery-3257 { --fg-gutter: 10px; }<\/style>\n\t\t\t<div class=\"foogallery foogallery-container foogallery-default foogallery-lightbox-foobox fg-center fg-default fg-ready fg-light fg-border-thin fg-shadow-outline fg-loading-default fg-loaded-fade-in fg-caption-hover fg-hover-fade fg-hover-zoom\" id=\"foogallery-gallery-3257\" data-foogallery=\"{&quot;item&quot;:{&quot;showCaptionTitle&quot;:true,&quot;showCaptionDescription&quot;:true},&quot;lazy&quot;:true}\" style=\"--fg-title-line-clamp: 0; --fg-description-line-clamp: 0;\" >\n\t<div class=\"fg-item fg-type-image fg-idle\"><figure class=\"fg-item-inner\"><a href=\"https:\/\/kovacevic.cl\/wp-content\/uploads\/2021\/07\/DJI_0003-scaled.jpg\" data-caption-title=\"DCIM100MEDIADJI_0003.JPG\" data-attachment-id=\"3258\" data-type=\"image\" class=\"fg-thumb\"><span class=\"fg-image-wrap\"><img title=\"DCIM100MEDIADJI_0003.JPG\" width=\"250\" height=\"250\" class=\"skip-lazy fg-image\" data-src-fg=\"https:\/\/kovacevic.cl\/wp-content\/uploads\/cache\/2021\/07\/DJI_0003-scaled\/2993013695.jpg\" src=\"data:image\/svg+xml,%3Csvg%20xmlns%3D%22http%3A%2F%2Fwww.w3.org%2F2000%2Fsvg%22%20width%3D%22250%22%20height%3D%22250%22%20viewBox%3D%220%200%20250%20250%22%3E%3C%2Fsvg%3E\" loading=\"eager\"><\/span><span class=\"fg-image-overlay\"><\/span><\/a><figcaption class=\"fg-caption\"><div class=\"fg-caption-inner\"><div class=\"fg-caption-title\">DCIM100MEDIADJI_0003.JPG<\/div><\/div><\/figcaption><\/figure><div class=\"fg-loader\"><\/div><\/div><div class=\"fg-item fg-type-image fg-idle\"><figure class=\"fg-item-inner\"><a href=\"https:\/\/kovacevic.cl\/wp-content\/uploads\/2021\/07\/DJI_0067-scaled.jpg\" data-caption-title=\"DCIM100MEDIADJI_0067.JPG\" data-attachment-id=\"3259\" data-type=\"image\" class=\"fg-thumb\"><span class=\"fg-image-wrap\"><img title=\"DCIM100MEDIADJI_0067.JPG\" width=\"250\" height=\"250\" class=\"skip-lazy fg-image\" data-src-fg=\"https:\/\/kovacevic.cl\/wp-content\/uploads\/cache\/2021\/07\/DJI_0067-scaled\/1978108358.jpg\" src=\"data:image\/svg+xml,%3Csvg%20xmlns%3D%22http%3A%2F%2Fwww.w3.org%2F2000%2Fsvg%22%20width%3D%22250%22%20height%3D%22250%22%20viewBox%3D%220%200%20250%20250%22%3E%3C%2Fsvg%3E\" loading=\"eager\"><\/span><span class=\"fg-image-overlay\"><\/span><\/a><figcaption class=\"fg-caption\"><div class=\"fg-caption-inner\"><div class=\"fg-caption-title\">DCIM100MEDIADJI_0067.JPG<\/div><\/div><\/figcaption><\/figure><div class=\"fg-loader\"><\/div><\/div><div class=\"fg-item fg-type-image fg-idle\"><figure class=\"fg-item-inner\"><a href=\"https:\/\/kovacevic.cl\/wp-content\/uploads\/2021\/07\/DJI_0159-scaled.jpg\" data-caption-title=\"DCIM100MEDIADJI_0159.JPG\" data-attachment-id=\"3260\" data-type=\"image\" class=\"fg-thumb\"><span class=\"fg-image-wrap\"><img title=\"DCIM100MEDIADJI_0159.JPG\" width=\"250\" height=\"250\" class=\"skip-lazy fg-image\" data-src-fg=\"https:\/\/kovacevic.cl\/wp-content\/uploads\/cache\/2021\/07\/DJI_0159-scaled\/901992427.jpg\" src=\"data:image\/svg+xml,%3Csvg%20xmlns%3D%22http%3A%2F%2Fwww.w3.org%2F2000%2Fsvg%22%20width%3D%22250%22%20height%3D%22250%22%20viewBox%3D%220%200%20250%20250%22%3E%3C%2Fsvg%3E\" loading=\"eager\"><\/span><span class=\"fg-image-overlay\"><\/span><\/a><figcaption class=\"fg-caption\"><div class=\"fg-caption-inner\"><div class=\"fg-caption-title\">DCIM100MEDIADJI_0159.JPG<\/div><\/div><\/figcaption><\/figure><div class=\"fg-loader\"><\/div><\/div><\/div>\n\n\n\n<hr class=\"wp-block-separator is-style-dots\"\/>\n\n\n<div class=\"aiovg-player-container\" style=\"max-width: 100%;\"><div class=\"aiovg-player aiovg-player-iframe\" style=\"padding-bottom: 40%;\" data-id=\"1\" data-src=\"https:\/\/kovacevic.cl\/index.php\/player-embed\/id\/2918\/?loop=1&amp;muted=1&amp;mp4=https%3A%2F%2Fkovacevic.cl%2Fwp-content%2Fuploads%2F2021%2F07%2FDJI_0197.mp4\"><iframe loading=\"lazy\" width=\"560\" height=\"315\" src=\"https:\/\/kovacevic.cl\/index.php\/player-embed\/id\/2918\/?loop=1&amp;muted=1&amp;mp4=https%3A%2F%2Fkovacevic.cl%2Fwp-content%2Fuploads%2F2021%2F07%2FDJI_0197.mp4\" frameborder=\"0\" scrolling=\"no\" allow=\"accelerometer; autoplay; encrypted-media; gyroscope; picture-in-picture\" webkitallowfullscreen mozallowfullscreen allowfullscreen><\/iframe><\/div><\/div>\n\n\n<hr class=\"wp-block-separator is-style-dots\"\/>\n","protected":false},"excerpt":{"rendered":"<p>Servicio Multimedia Contamos con un servicio multimedia para el seguimiento de tu proyecto! El servicio consta en: Fotos y videos del avance de tu proyecto Fotos a\u00e9reas a trav\u00e9s de un dron Videos a\u00e9reos a trav\u00e9s de un dron Env\u00edo de estos archivos multimedia a una carpeta en la nube<\/p>\n","protected":false},"author":1,"featured_media":0,"parent":0,"menu_order":0,"comment_status":"closed","ping_status":"closed","template":"","meta":[],"_links":{"self":[{"href":"https:\/\/kovacevic.cl\/index.php\/wp-json\/wp\/v2\/pages\/2918"}],"collection":[{"href":"https:\/\/kovacevic.cl\/index.php\/wp-json\/wp\/v2\/pages"}],"about":[{"href":"https:\/\/kovacevic.cl\/index.php\/wp-json\/wp\/v2\/types\/page"}],"author":[{"embeddable":true,"href":"https:\/\/kovacevic.cl\/index.php\/wp-json\/wp\/v2\/users\/1"}],"replies":[{"embeddable":true,"href":"https:\/\/kovacevic.cl\/index.php\/wp-json\/wp\/v2\/comments?post=2918"}],"version-history":[{"count":11,"href":"https:\/\/kovacevic.cl\/index.php\/wp-json\/wp\/v2\/pages\/2918\/revisions"}],"predecessor-version":[{"id":3284,"href":"https:\/\/kovacevic.cl\/index.php\/wp-json\/wp\/v2\/pages\/2918\/revisions\/3284"}],"wp:attachment":[{"href":"https:\/\/kovacevic.cl\/index.php\/wp-json\/wp\/v2\/media?parent=2918"}],"curies":[{"name":"wp","href":"https:\/\/api.w.org\/{rel}","templated":true}]}}