{"id":2914,"date":"2021-04-18T23:34:18","date_gmt":"2021-04-18T23:34:18","guid":{"rendered":"https:\/\/kovacevic.cl\/?page_id=2914"},"modified":"2021-07-04T00:15:46","modified_gmt":"2021-07-04T00:15:46","slug":"diseno","status":"publish","type":"page","link":"https:\/\/kovacevic.cl\/index.php\/diseno\/","title":{"rendered":""},"content":{"rendered":"\n<h1 class=\"has-text-align-center\">Dise\u00f1o<\/h1>\n\n\n\n<h3 class=\"has-text-align-center\">Todo lo que necesitas para pasar de tu idea a una realidad.<\/h3>\n\n\n\n<hr class=\"wp-block-separator is-style-dots\"\/>\n\n\n\n<p class=\"has-text-align-center\">Nos encargamos de realizar la propuesta de proyecto para una nueva ampliaci\u00f3n o remodelaci\u00f3n de una vivienda, quincho, terraza, living, cocina o dormitorios. <\/p>\n\n\n\n<p class=\"has-text-align-center\">Este servicio se inicia con una visita t\u00e9cnica que nos permite observar y levantar la informaci\u00f3n necesaria para una propuesta minimizando los riesgos futuros en la etapa de construcci\u00f3n, adem\u00e1s de ayudar al proceso creativo de nuestros arquitectos.<\/p>\n\n\n\n<hr class=\"wp-block-separator is-style-wide\"\/>\n\n\n<style type=\"text\/css\">\n#foogallery-gallery-3223 .fg-image { width: 300px; }\n#foogallery-gallery-3223 { --fg-gutter: 10px; }<\/style>\n\t\t\t<div class=\"foogallery foogallery-container foogallery-default foogallery-lightbox-foobox fg-center fg-default fg-ready fg-light fg-border-thin fg-shadow-outline fg-loading-default fg-loaded-fade-in fg-caption-hover fg-hover-fade fg-hover-zoom\" id=\"foogallery-gallery-3223\" data-foogallery=\"{&quot;item&quot;:{&quot;showCaptionTitle&quot;:true,&quot;showCaptionDescription&quot;:true},&quot;lazy&quot;:true}\" style=\"--fg-title-line-clamp: 0; --fg-description-line-clamp: 0;\" >\n\t<div class=\"fg-item fg-type-image fg-idle\"><figure class=\"fg-item-inner\"><a href=\"https:\/\/kovacevic.cl\/wp-content\/uploads\/2021\/04\/WhatsApp-Image-2020-08-18-at-12.32.30.jpeg\" data-attachment-id=\"2515\" data-type=\"image\" class=\"fg-thumb\"><span class=\"fg-image-wrap\"><img width=\"300\" height=\"300\" class=\"skip-lazy fg-image\" data-src-fg=\"https:\/\/kovacevic.cl\/wp-content\/uploads\/cache\/2021\/04\/WhatsApp-Image-2020-08-18-at-12_32_30\/1436610571.jpeg\" src=\"data:image\/svg+xml,%3Csvg%20xmlns%3D%22http%3A%2F%2Fwww.w3.org%2F2000%2Fsvg%22%20width%3D%22300%22%20height%3D%22300%22%20viewBox%3D%220%200%20300%20300%22%3E%3C%2Fsvg%3E\" loading=\"eager\"><\/span><span class=\"fg-image-overlay\"><\/span><\/a><\/figure><div class=\"fg-loader\"><\/div><\/div><div class=\"fg-item fg-type-image fg-idle\"><figure class=\"fg-item-inner\"><a href=\"https:\/\/kovacevic.cl\/wp-content\/uploads\/2021\/04\/WhatsApp-Image-2020-09-27-at-10.35.49.jpeg\" data-attachment-id=\"2516\" data-type=\"image\" class=\"fg-thumb\"><span class=\"fg-image-wrap\"><img width=\"300\" height=\"300\" class=\"skip-lazy fg-image\" data-src-fg=\"https:\/\/kovacevic.cl\/wp-content\/uploads\/cache\/2021\/04\/WhatsApp-Image-2020-09-27-at-10_35_49\/2062579537.jpeg\" src=\"data:image\/svg+xml,%3Csvg%20xmlns%3D%22http%3A%2F%2Fwww.w3.org%2F2000%2Fsvg%22%20width%3D%22300%22%20height%3D%22300%22%20viewBox%3D%220%200%20300%20300%22%3E%3C%2Fsvg%3E\" loading=\"eager\"><\/span><span class=\"fg-image-overlay\"><\/span><\/a><\/figure><div class=\"fg-loader\"><\/div><\/div><div class=\"fg-item fg-type-image fg-idle\"><figure class=\"fg-item-inner\"><a href=\"https:\/\/kovacevic.cl\/wp-content\/uploads\/2021\/06\/Aguilera0.jpeg\" data-attachment-id=\"3057\" data-type=\"image\" class=\"fg-thumb\"><span class=\"fg-image-wrap\"><img width=\"300\" height=\"300\" class=\"skip-lazy fg-image\" data-src-fg=\"https:\/\/kovacevic.cl\/wp-content\/uploads\/cache\/2021\/06\/Aguilera0\/3173442700.jpeg\" src=\"data:image\/svg+xml,%3Csvg%20xmlns%3D%22http%3A%2F%2Fwww.w3.org%2F2000%2Fsvg%22%20width%3D%22300%22%20height%3D%22300%22%20viewBox%3D%220%200%20300%20300%22%3E%3C%2Fsvg%3E\" loading=\"eager\"><\/span><span class=\"fg-image-overlay\"><\/span><\/a><\/figure><div class=\"fg-loader\"><\/div><\/div><\/div>\n\n\n\n<hr class=\"wp-block-separator is-style-wide\"\/>\n\n\n\n<p class=\"has-text-align-center\"><strong>Si deseas saber mas y conocernos, no dudes en <a rel=\"noreferrer noopener\" href=\"\/#contacto\" data-type=\"internal\" target=\"_blank\">contactarnos en nuestro formulario<\/a> <\/strong><\/p>\n\n\n\n<p class=\"has-text-align-center\">o en nuestro Whatsapp al <a href=\"https:\/\/wa.me\/+56953995657\">+569 5399 5657<\/a> <\/p>\n\n\n\n<p><\/p>\n\n\n\n<p><\/p>\n","protected":false},"excerpt":{"rendered":"<p>Dise\u00f1o Todo lo que necesitas para pasar de tu idea a una realidad. Nos encargamos de realizar la propuesta de proyecto para una nueva ampliaci\u00f3n o remodelaci\u00f3n de una vivienda, quincho, terraza, living, cocina o dormitorios. Este servicio se inicia con una visita t\u00e9cnica que nos permite observar y levantar la informaci\u00f3n necesaria para una [&hellip;]<\/p>\n","protected":false},"author":1,"featured_media":0,"parent":0,"menu_order":0,"comment_status":"closed","ping_status":"closed","template":"","meta":[],"_links":{"self":[{"href":"https:\/\/kovacevic.cl\/index.php\/wp-json\/wp\/v2\/pages\/2914"}],"collection":[{"href":"https:\/\/kovacevic.cl\/index.php\/wp-json\/wp\/v2\/pages"}],"about":[{"href":"https:\/\/kovacevic.cl\/index.php\/wp-json\/wp\/v2\/types\/page"}],"author":[{"embeddable":true,"href":"https:\/\/kovacevic.cl\/index.php\/wp-json\/wp\/v2\/users\/1"}],"replies":[{"embeddable":true,"href":"https:\/\/kovacevic.cl\/index.php\/wp-json\/wp\/v2\/comments?post=2914"}],"version-history":[{"count":9,"href":"https:\/\/kovacevic.cl\/index.php\/wp-json\/wp\/v2\/pages\/2914\/revisions"}],"predecessor-version":[{"id":3254,"href":"https:\/\/kovacevic.cl\/index.php\/wp-json\/wp\/v2\/pages\/2914\/revisions\/3254"}],"wp:attachment":[{"href":"https:\/\/kovacevic.cl\/index.php\/wp-json\/wp\/v2\/media?parent=2914"}],"curies":[{"name":"wp","href":"https:\/\/api.w.org\/{rel}","templated":true}]}}